{"id":12,"date":"2025-12-22T20:24:02","date_gmt":"2025-12-22T20:24:02","guid":{"rendered":"https:\/\/fcsierentz-kappelen.fr\/?page_id=12"},"modified":"2026-01-23T20:13:05","modified_gmt":"2026-01-23T20:13:05","slug":"equipes","status":"publish","type":"page","link":"https:\/\/fcsierentz-kappelen.fr\/index.php\/equipes\/","title":{"rendered":"\u00c9quipes"},"content":{"rendered":"<h1 class=\"wp-block-heading\">\u00c9quipes<\/h1><p>Photos, effectifs et acc\u00e8s rapide aux matchs.<\/p><div class=\"wp-block-columns is-layout-flex wp-container-core-columns-is-layout-28f84493 wp-block-columns-is-layout-flex\"><div class=\"wp-block-column is-layout-flow wp-block-column-is-layout-flow\"><h2>\u00c9quipe 1<\/h2><p><strong>R3 Alsace<\/strong><\/p><p><a href=\"\/match-center\/#equipe-1\">Matchs &#038; classement<\/a><\/p><\/div><div class=\"wp-block-column is-layout-flow wp-block-column-is-layout-flow\"><h2>\u00c9quipe 2<\/h2><p><strong>D3<\/strong><\/p><p><a href=\"\/match-center\/#equipe-2\">Matchs &#038; classement<\/a><\/p><\/div><\/div><div class=\"wp-block-columns is-layout-flex wp-container-core-columns-is-layout-28f84493 wp-block-columns-is-layout-flex\"><div class=\"wp-block-column is-layout-flow wp-block-column-is-layout-flow\"><h2>\u00c9quipe 3<\/h2><p><strong>D5<\/strong><\/p><p><a href=\"\/match-center\/#equipe-3\">Matchs &#038; classement<\/a><\/p><\/div><div class=\"wp-block-column is-layout-flow wp-block-column-is-layout-flow\"><h2>\u00c9quipe 4<\/h2><p><strong>D7<\/strong><\/p><p><a href=\"\/match-center\/#equipe-4\">Matchs &#038; classement<\/a><\/p><\/div><\/div>","protected":false},"excerpt":{"rendered":"<p>\u00c9quipes Photos, effectifs et acc\u00e8s rapide aux matchs. \u00c9quipe 1 R3 Alsace Matchs &#038; classement \u00c9quipe 2 D3 Matchs &#038; classement \u00c9quipe 3 D5 Matchs &#038; classement \u00c9quipe 4 D7 Matchs &#038; classement<\/p>\n","protected":false},"author":2,"featured_media":0,"parent":0,"menu_order":2,"comment_status":"closed","ping_status":"closed","template":"","meta":{"footnotes":""},"class_list":["post-12","page","type-page","status-publish","hentry"],"_links":{"self":[{"href":"https:\/\/fcsierentz-kappelen.fr\/index.php\/wp-json\/wp\/v2\/pages\/12","targetHints":{"allow":["GET"]}}],"collection":[{"href":"https:\/\/fcsierentz-kappelen.fr\/index.php\/wp-json\/wp\/v2\/pages"}],"about":[{"href":"https:\/\/fcsierentz-kappelen.fr\/index.php\/wp-json\/wp\/v2\/types\/page"}],"author":[{"embeddable":true,"href":"https:\/\/fcsierentz-kappelen.fr\/index.php\/wp-json\/wp\/v2\/users\/2"}],"replies":[{"embeddable":true,"href":"https:\/\/fcsierentz-kappelen.fr\/index.php\/wp-json\/wp\/v2\/comments?post=12"}],"version-history":[{"count":1,"href":"https:\/\/fcsierentz-kappelen.fr\/index.php\/wp-json\/wp\/v2\/pages\/12\/revisions"}],"predecessor-version":[{"id":66,"href":"https:\/\/fcsierentz-kappelen.fr\/index.php\/wp-json\/wp\/v2\/pages\/12\/revisions\/66"}],"wp:attachment":[{"href":"https:\/\/fcsierentz-kappelen.fr\/index.php\/wp-json\/wp\/v2\/media?parent=12"}],"curies":[{"name":"wp","href":"https:\/\/api.w.org\/{rel}","templated":true}]}}