{"id":17,"date":"2025-12-22T20:24:02","date_gmt":"2025-12-22T20:24:02","guid":{"rendered":"https:\/\/fcsierentz-kappelen.fr\/?page_id=17"},"modified":"2025-12-22T20:24:02","modified_gmt":"2025-12-22T20:24:02","slug":"matchs-classements","status":"publish","type":"page","link":"https:\/\/fcsierentz-kappelen.fr\/index.php\/matchs-classements\/","title":{"rendered":"Matchs &#038; Classements"},"content":{"rendered":"<h1 class=\"wp-block-heading\">Matchs &amp; Classements<\/h1>\n<p>Retrouvez ici l\u2019ensemble des calendriers, r\u00e9sultats et classements des \u00e9quipes du FC Sierentz Kappelen engag\u00e9es en comp\u00e9titions officielles.<\/p>\n<h2 class=\"wp-block-heading\">Seniors A<\/h2>\n<p>Colle ici le widget Score\u2019n\u2019co (calendrier \/ r\u00e9sultats \/ classement) pour Seniors A.<\/p>\n<h2 class=\"wp-block-heading\">Seniors B<\/h2>\n<p>Colle ici le widget Score\u2019n\u2019co (calendrier \/ r\u00e9sultats \/ classement) pour Seniors B.<\/p>\n<h2 class=\"wp-block-heading\">Jeunes 1<\/h2>\n<p>Colle ici le widget Score\u2019n\u2019co (calendrier \/ r\u00e9sultats \/ classement) pour Jeunes 1.<\/p>\n<h2 class=\"wp-block-heading\">Jeunes 2<\/h2>\n<p>Colle ici le widget Score\u2019n\u2019co (calendrier \/ r\u00e9sultats \/ classement) pour Jeunes 2.<\/p>","protected":false},"excerpt":{"rendered":"<p>Matchs &amp; Classements Retrouvez ici l\u2019ensemble des calendriers, r\u00e9sultats et classements des \u00e9quipes du FC Sierentz Kappelen engag\u00e9es en comp\u00e9titions officielles. Seniors A Colle ici le widget Score\u2019n\u2019co (calendrier \/ r\u00e9sultats \/ classement) pour Seniors A. Seniors B Colle ici le widget Score\u2019n\u2019co (calendrier \/ r\u00e9sultats \/ classement) pour Seniors B. Jeunes 1 Colle ici [&hellip;]<\/p>\n","protected":false},"author":2,"featured_media":0,"parent":0,"menu_order":3,"comment_status":"closed","ping_status":"closed","template":"","meta":{"footnotes":""},"class_list":["post-17","page","type-page","status-publish","hentry"],"_links":{"self":[{"href":"https:\/\/fcsierentz-kappelen.fr\/index.php\/wp-json\/wp\/v2\/pages\/17","targetHints":{"allow":["GET"]}}],"collection":[{"href":"https:\/\/fcsierentz-kappelen.fr\/index.php\/wp-json\/wp\/v2\/pages"}],"about":[{"href":"https:\/\/fcsierentz-kappelen.fr\/index.php\/wp-json\/wp\/v2\/types\/page"}],"author":[{"embeddable":true,"href":"https:\/\/fcsierentz-kappelen.fr\/index.php\/wp-json\/wp\/v2\/users\/2"}],"replies":[{"embeddable":true,"href":"https:\/\/fcsierentz-kappelen.fr\/index.php\/wp-json\/wp\/v2\/comments?post=17"}],"version-history":[{"count":0,"href":"https:\/\/fcsierentz-kappelen.fr\/index.php\/wp-json\/wp\/v2\/pages\/17\/revisions"}],"wp:attachment":[{"href":"https:\/\/fcsierentz-kappelen.fr\/index.php\/wp-json\/wp\/v2\/media?parent=17"}],"curies":[{"name":"wp","href":"https:\/\/api.w.org\/{rel}","templated":true}]}}