{"id":19,"date":"2025-12-22T20:24:02","date_gmt":"2025-12-22T20:24:02","guid":{"rendered":"https:\/\/fcsierentz-kappelen.fr\/?page_id=19"},"modified":"2025-12-22T20:24:02","modified_gmt":"2025-12-22T20:24:02","slug":"evenements","status":"publish","type":"page","link":"https:\/\/fcsierentz-kappelen.fr\/index.php\/evenements\/","title":{"rendered":"\u00c9v\u00e9nements"},"content":{"rendered":"<h1 class=\"wp-block-heading\">\u00c9v\u00e9nements<\/h1>\n<p>Tournois, stages, manifestations : retrouvez les temps forts de la saison du FCSK.<\/p>\n<p>\ud83d\udc49 Option simple : cr\u00e9e un article par \u00e9v\u00e9nement. Option pro : plugin calendrier.<\/p>","protected":false},"excerpt":{"rendered":"<p>\u00c9v\u00e9nements Tournois, stages, manifestations : retrouvez les temps forts de la saison du FCSK. \ud83d\udc49 Option simple : cr\u00e9e un article par \u00e9v\u00e9nement. Option pro : plugin calendrier.<\/p>\n","protected":false},"author":2,"featured_media":0,"parent":0,"menu_order":5,"comment_status":"closed","ping_status":"closed","template":"","meta":{"footnotes":""},"class_list":["post-19","page","type-page","status-publish","hentry"],"_links":{"self":[{"href":"https:\/\/fcsierentz-kappelen.fr\/index.php\/wp-json\/wp\/v2\/pages\/19","targetHints":{"allow":["GET"]}}],"collection":[{"href":"https:\/\/fcsierentz-kappelen.fr\/index.php\/wp-json\/wp\/v2\/pages"}],"about":[{"href":"https:\/\/fcsierentz-kappelen.fr\/index.php\/wp-json\/wp\/v2\/types\/page"}],"author":[{"embeddable":true,"href":"https:\/\/fcsierentz-kappelen.fr\/index.php\/wp-json\/wp\/v2\/users\/2"}],"replies":[{"embeddable":true,"href":"https:\/\/fcsierentz-kappelen.fr\/index.php\/wp-json\/wp\/v2\/comments?post=19"}],"version-history":[{"count":0,"href":"https:\/\/fcsierentz-kappelen.fr\/index.php\/wp-json\/wp\/v2\/pages\/19\/revisions"}],"wp:attachment":[{"href":"https:\/\/fcsierentz-kappelen.fr\/index.php\/wp-json\/wp\/v2\/media?parent=19"}],"curies":[{"name":"wp","href":"https:\/\/api.w.org\/{rel}","templated":true}]}}